{"id":93681,"date":"2022-07-03T13:30:00","date_gmt":"2022-07-03T11:30:00","guid":{"rendered":"https:\/\/www.dalux.com\/webinarai"},"modified":"2025-11-20T14:19:04","modified_gmt":"2025-11-20T13:19:04","slug":"webinars-hub","status":"publish","type":"page","link":"https:\/\/www.dalux.com\/lt\/webinars-hub\/","title":{"rendered":"Webinarai"},"content":{"rendered":"\t\t<div data-elementor-type=\"wp-page\" data-elementor-id=\"93681\" class=\"elementor elementor-93681 elementor-5274\" data-elementor-post-type=\"page\">\n\t\t\t\t<div class=\"elementor-element elementor-element-f681445 e-flex e-con-boxed e-con e-parent\" data-id=\"f681445\" data-element_type=\"container\" data-e-type=\"container\" data-settings=\"{&quot;background_background&quot;:&quot;classic&quot;}\">\n\t\t\t\t\t<div class=\"e-con-inner\">\n\t\t\t\t<div class=\"elementor-element elementor-element-a57665e elementor-widget elementor-widget-heading\" data-id=\"a57665e\" data-element_type=\"widget\" data-e-type=\"widget\" data-widget_type=\"heading.default\">\n\t\t\t\t<div class=\"elementor-widget-container\">\n\t\t\t\t\t<h2 class=\"elementor-heading-title elementor-size-default\">Webinarai &amp; sneak peeks<\/h2>\t\t\t\t<\/div>\n\t\t\t\t<\/div>\n\t\t\t\t<div class=\"elementor-element elementor-element-e7b58d6 animated-fast elementor-widget elementor-widget-heading\" data-id=\"e7b58d6\" data-element_type=\"widget\" data-e-type=\"widget\" data-settings=\"{&quot;_animation&quot;:&quot;none&quot;,&quot;_animation_delay&quot;:0}\" data-widget_type=\"heading.default\">\n\t\t\t\t<div class=\"elementor-widget-container\">\n\t\t\t\t\t<h1 class=\"elementor-heading-title elementor-size-default\">Prisijunkite prie m\u016bs\u0173 <span>Webinar\u0173<\/span> ir pagilinkite Dalux \u017einias<\/h1>\t\t\t\t<\/div>\n\t\t\t\t<\/div>\n\t\t\t\t<div class=\"elementor-element elementor-element-6139184 elementor-widget__width-initial elementor-widget elementor-widget-text-editor\" data-id=\"6139184\" data-element_type=\"widget\" data-e-type=\"widget\" data-widget_type=\"text-editor.default\">\n\t\t\t\t<div class=\"elementor-widget-container\">\n\t\t\t\t\t\t\t\t\t<p>Reguliariai organizuojame produkt\u0173 ap\u017evalgas ir internetinius mokymus pradedantiesiems ir pa\u017eengusiems naudotojams \u012fvairiomis temomis ir kalbomis. Apsi\u017evalgykite ir pa\u017eadame, kad rasite k\u0105 nors \u012fdomaus savo projektams!<\/p>\t\t\t\t\t\t\t\t<\/div>\n\t\t\t\t<\/div>\n\t\t\t\t\t<\/div>\n\t\t\t\t<\/div>\n\t\t<div class=\"elementor-element elementor-element-9502f55 e-flex e-con-boxed e-con e-parent\" data-id=\"9502f55\" data-element_type=\"container\" data-e-type=\"container\" data-settings=\"{&quot;background_background&quot;:&quot;classic&quot;}\">\n\t\t\t\t\t<div class=\"e-con-inner\">\n\t\t<div class=\"elementor-element elementor-element-6917501 e-flex e-con-boxed e-con e-child\" data-id=\"6917501\" data-element_type=\"container\" data-e-type=\"container\" data-settings=\"{&quot;background_background&quot;:&quot;classic&quot;}\">\n\t\t\t\t\t<div class=\"e-con-inner\">\n\t\t\t\t<div class=\"elementor-element elementor-element-6c993b2 elementor-widget__width-auto elementor-widget elementor-widget-heading\" data-id=\"6c993b2\" data-element_type=\"widget\" data-e-type=\"widget\" data-widget_type=\"heading.default\">\n\t\t\t\t<div class=\"elementor-widget-container\">\n\t\t\t\t\t<h2 class=\"elementor-heading-title elementor-size-default\">Art\u0117jantys webinarai<\/h2>\t\t\t\t<\/div>\n\t\t\t\t<\/div>\n\t\t\t\t\t<\/div>\n\t\t\t\t<\/div>\n\t\t\t\t<div class=\"elementor-element elementor-element-f65aceb elementor-widget-divider--view-line elementor-widget elementor-widget-divider\" data-id=\"f65aceb\" data-element_type=\"widget\" data-e-type=\"widget\" data-widget_type=\"divider.default\">\n\t\t\t\t<div class=\"elementor-widget-container\">\n\t\t\t\t\t\t\t<div class=\"elementor-divider\">\n\t\t\t<span class=\"elementor-divider-separator\">\n\t\t\t\t\t\t<\/span>\n\t\t<\/div>\n\t\t\t\t\t\t<\/div>\n\t\t\t\t<\/div>\n\t\t\t\t<div class=\"elementor-element elementor-element-7f1c1c9 elementor-widget elementor-widget-jet-listing-grid\" data-id=\"7f1c1c9\" data-element_type=\"widget\" data-e-type=\"widget\" data-settings=\"{&quot;columns&quot;:&quot;3&quot;,&quot;columns_mobile&quot;:&quot;1&quot;}\" data-widget_type=\"jet-listing-grid.default\">\n\t\t\t\t<div class=\"elementor-widget-container\">\n\t\t\t\t\t<div class=\"jet-listing-grid jet-listing\"><div class=\"jet-listing-grid__items grid-col-desk-3 grid-col-tablet-3 grid-col-mobile-1 jet-listing-grid--85596 jet-equal-columns__wrapper\" data-queried-id=\"93681|WP_Post\" data-nav=\"{&quot;enabled&quot;:true,&quot;type&quot;:&quot;scroll&quot;,&quot;more_el&quot;:null,&quot;query&quot;:{&quot;query_id&quot;:94,&quot;posts_per_page&quot;:30,&quot;signature&quot;:&quot;032b40d17e176821f4484cd6259bddd0da0abd604f180f810273d7b27e1514f7&quot;},&quot;widget_settings&quot;:{&quot;lisitng_id&quot;:85596,&quot;posts_num&quot;:30,&quot;columns&quot;:3,&quot;columns_tablet&quot;:3,&quot;columns_mobile&quot;:1,&quot;column_min_width&quot;:240,&quot;column_min_width_tablet&quot;:240,&quot;column_min_width_mobile&quot;:240,&quot;inline_columns_css&quot;:false,&quot;is_archive_template&quot;:&quot;&quot;,&quot;post_status&quot;:[&quot;publish&quot;],&quot;use_random_posts_num&quot;:&quot;&quot;,&quot;max_posts_num&quot;:9,&quot;not_found_message&quot;:&quot;J\\u016bs\\u0173 kalba neplanuojami jokie art\\u0117jantys internetiniai seminarai.&quot;,&quot;is_masonry&quot;:false,&quot;equal_columns_height&quot;:&quot;yes&quot;,&quot;use_load_more&quot;:&quot;yes&quot;,&quot;load_more_id&quot;:&quot;&quot;,&quot;load_more_type&quot;:&quot;scroll&quot;,&quot;load_more_offset&quot;:{&quot;unit&quot;:&quot;px&quot;,&quot;size&quot;:0,&quot;sizes&quot;:[]},&quot;use_custom_post_types&quot;:&quot;&quot;,&quot;custom_post_types&quot;:[],&quot;hide_widget_if&quot;:&quot;&quot;,&quot;carousel_enabled&quot;:&quot;&quot;,&quot;slides_to_scroll&quot;:&quot;1&quot;,&quot;arrows&quot;:&quot;true&quot;,&quot;arrow_icon&quot;:&quot;fa fa-angle-left&quot;,&quot;dots&quot;:&quot;&quot;,&quot;autoplay&quot;:&quot;true&quot;,&quot;pause_on_hover&quot;:&quot;true&quot;,&quot;autoplay_speed&quot;:5000,&quot;infinite&quot;:&quot;true&quot;,&quot;center_mode&quot;:&quot;&quot;,&quot;effect&quot;:&quot;slide&quot;,&quot;speed&quot;:500,&quot;inject_alternative_items&quot;:&quot;yes&quot;,&quot;injection_items&quot;:[{&quot;_id&quot;:&quot;4dd2442&quot;,&quot;item&quot;:&quot;95432&quot;,&quot;item_condition_type&quot;:&quot;item_meta&quot;,&quot;meta_key&quot;:&quot;highlighted&quot;,&quot;meta_key_val&quot;:&quot;yes&quot;,&quot;tax&quot;:null,&quot;item_colspan&quot;:&quot;2&quot;,&quot;item_num&quot;:null,&quot;start_from_first&quot;:null,&quot;meta_key_compare&quot;:&quot;=&quot;,&quot;terms&quot;:null,&quot;post_type&quot;:null,&quot;inject_once&quot;:&quot;&quot;,&quot;static_item&quot;:&quot;&quot;,&quot;static_item_context&quot;:null}],&quot;scroll_slider_enabled&quot;:&quot;&quot;,&quot;scroll_slider_on&quot;:[&quot;desktop&quot;,&quot;tablet&quot;,&quot;mobile&quot;],&quot;custom_query&quot;:&quot;yes&quot;,&quot;custom_query_id&quot;:&quot;94&quot;,&quot;_element_id&quot;:&quot;&quot;,&quot;collapse_first_last_gap&quot;:false,&quot;list_tag_selection&quot;:&quot;&quot;,&quot;list_items_wrapper_tag&quot;:&quot;div&quot;,&quot;list_item_tag&quot;:&quot;div&quot;,&quot;empty_items_wrapper_tag&quot;:&quot;div&quot;}}\" data-page=\"1\" data-pages=\"1\" data-listing-source=\"query\" data-listing-id=\"85596\" data-query-id=\"94\"><div class=\"jet-listing-grid__item jet-listing-dynamic-post-385373 jet-equal-columns\" data-post-id=\"385373\"  ><div class=\"jet-engine-listing-overlay-wrap\" data-url=\"https:\/\/www.dalux.com\/lt\/webinars\/efektyvus-konkursu-valdymas-su-dalux-tender-moduliu\/\">\t\t<div data-elementor-type=\"jet-listing-items\" data-elementor-id=\"91980\" class=\"elementor elementor-91980 elementor-85596 elementor-85596\" data-elementor-post-type=\"jet-engine\">\n\t\t\t\t<div class=\"elementor-element elementor-element-f4a588a e-flex e-con-boxed e-con e-parent\" data-id=\"f4a588a\" data-element_type=\"container\" data-e-type=\"container\" data-settings=\"{&quot;background_background&quot;:&quot;classic&quot;}\">\n\t\t\t\t\t<div class=\"e-con-inner\">\n\t\t<div class=\"elementor-element elementor-element-0dadc82 e-con-full e-flex e-con e-child\" data-id=\"0dadc82\" data-element_type=\"container\" data-e-type=\"container\">\n\t\t<div class=\"elementor-element elementor-element-917a90d e-flex e-con-boxed e-con e-child\" data-id=\"917a90d\" data-element_type=\"container\" data-e-type=\"container\" data-settings=\"{&quot;background_background&quot;:&quot;classic&quot;}\">\n\t\t\t\t\t<div class=\"e-con-inner\">\n\t\t\t\t<div class=\"elementor-element elementor-element-92525d5 elementor-widget elementor-widget-heading\" data-id=\"92525d5\" data-element_type=\"widget\" data-e-type=\"widget\" data-widget_type=\"heading.default\">\n\t\t\t\t<div class=\"elementor-widget-container\">\n\t\t\t\t\t<h3 class=\"elementor-heading-title elementor-size-default\">Efektyvus konkurs\u0173 valdymas su Dalux Tender moduliu<\/h3>\t\t\t\t<\/div>\n\t\t\t\t<\/div>\n\t\t\t\t<div class=\"elementor-element elementor-element-ed7743a elementor-widget-divider--view-line elementor-widget elementor-widget-divider\" data-id=\"ed7743a\" data-element_type=\"widget\" data-e-type=\"widget\" data-widget_type=\"divider.default\">\n\t\t\t\t<div class=\"elementor-widget-container\">\n\t\t\t\t\t\t\t<div class=\"elementor-divider\">\n\t\t\t<span class=\"elementor-divider-separator\">\n\t\t\t\t\t\t<\/span>\n\t\t<\/div>\n\t\t\t\t\t\t<\/div>\n\t\t\t\t<\/div>\n\t\t<div class=\"elementor-element elementor-element-a6b7cfb e-flex e-con-boxed e-con e-child\" data-id=\"a6b7cfb\" data-element_type=\"container\" data-e-type=\"container\" data-settings=\"{&quot;background_background&quot;:&quot;classic&quot;}\">\n\t\t\t\t\t<div class=\"e-con-inner\">\n\t\t\t\t<div class=\"elementor-element elementor-element-7718a67 elementor-widget__width-auto elementor-widget elementor-widget-post-info\" data-id=\"7718a67\" data-element_type=\"widget\" data-e-type=\"widget\" data-widget_type=\"post-info.default\">\n\t\t\t\t<div class=\"elementor-widget-container\">\n\t\t\t\t\t\t\t<ul class=\"elementor-icon-list-items elementor-post-info\">\n\t\t\t\t\t\t\t\t<li class=\"elementor-icon-list-item elementor-repeater-item-2203d1e\">\n\t\t\t\t\t\t\t\t\t\t<span class=\"elementor-icon-list-icon\">\n\t\t\t\t\t\t\t\t<svg aria-hidden=\"true\" class=\"e-font-icon-svg e-far-calendar-alt\" viewBox=\"0 0 448 512\" xmlns=\"http:\/\/www.w3.org\/2000\/svg\"><path d=\"M148 288h-40c-6.6 0-12-5.4-12-12v-40c0-6.6 5.4-12 12-12h40c6.6 0 12 5.4 12 12v40c0 6.6-5.4 12-12 12zm108-12v-40c0-6.6-5.4-12-12-12h-40c-6.6 0-12 5.4-12 12v40c0 6.6 5.4 12 12 12h40c6.6 0 12-5.4 12-12zm96 0v-40c0-6.6-5.4-12-12-12h-40c-6.6 0-12 5.4-12 12v40c0 6.6 5.4 12 12 12h40c6.6 0 12-5.4 12-12zm-96 96v-40c0-6.6-5.4-12-12-12h-40c-6.6 0-12 5.4-12 12v40c0 6.6 5.4 12 12 12h40c6.6 0 12-5.4 12-12zm-96 0v-40c0-6.6-5.4-12-12-12h-40c-6.6 0-12 5.4-12 12v40c0 6.6 5.4 12 12 12h40c6.6 0 12-5.4 12-12zm192 0v-40c0-6.6-5.4-12-12-12h-40c-6.6 0-12 5.4-12 12v40c0 6.6 5.4 12 12 12h40c6.6 0 12-5.4 12-12zm96-260v352c0 26.5-21.5 48-48 48H48c-26.5 0-48-21.5-48-48V112c0-26.5 21.5-48 48-48h48V12c0-6.6 5.4-12 12-12h40c6.6 0 12 5.4 12 12v52h128V12c0-6.6 5.4-12 12-12h40c6.6 0 12 5.4 12 12v52h48c26.5 0 48 21.5 48 48zm-48 346V160H48v298c0 3.3 2.7 6 6 6h340c3.3 0 6-2.7 6-6z\"><\/path><\/svg>\t\t\t\t\t\t\t<\/span>\n\t\t\t\t\t\t\t\t\t<span class=\"elementor-icon-list-text elementor-post-info__item elementor-post-info__item--type-custom\">\n\t\t\t\t\t\t\t\t\t\t27.05.2026\t\t\t\t\t<\/span>\n\t\t\t\t\t\t\t\t<\/li>\n\t\t\t\t<\/ul>\n\t\t\t\t\t\t<\/div>\n\t\t\t\t<\/div>\n\t\t\t\t<div class=\"elementor-element elementor-element-88b274b elementor-widget__width-auto elementor-widget elementor-widget-post-info\" data-id=\"88b274b\" data-element_type=\"widget\" data-e-type=\"widget\" data-widget_type=\"post-info.default\">\n\t\t\t\t<div class=\"elementor-widget-container\">\n\t\t\t\t\t\t\t<ul class=\"elementor-icon-list-items elementor-post-info\">\n\t\t\t\t\t\t\t\t<li class=\"elementor-icon-list-item elementor-repeater-item-4afe5d2\">\n\t\t\t\t\t\t\t\t\t\t<span class=\"elementor-icon-list-icon\">\n\t\t\t\t\t\t\t\t<svg aria-hidden=\"true\" class=\"e-font-icon-svg e-far-clock\" viewBox=\"0 0 512 512\" xmlns=\"http:\/\/www.w3.org\/2000\/svg\"><path d=\"M256 8C119 8 8 119 8 256s111 248 248 248 248-111 248-248S393 8 256 8zm0 448c-110.5 0-200-89.5-200-200S145.5 56 256 56s200 89.5 200 200-89.5 200-200 200zm61.8-104.4l-84.9-61.7c-3.1-2.3-4.9-5.9-4.9-9.7V116c0-6.6 5.4-12 12-12h32c6.6 0 12 5.4 12 12v141.7l66.8 48.6c5.4 3.9 6.5 11.4 2.6 16.8L334.6 349c-3.9 5.3-11.4 6.5-16.8 2.6z\"><\/path><\/svg>\t\t\t\t\t\t\t<\/span>\n\t\t\t\t\t\t\t\t\t<span class=\"elementor-icon-list-text elementor-post-info__item elementor-post-info__item--type-custom\">\n\t\t\t\t\t\t\t\t\t\t15.00 EEST\t\t\t\t\t<\/span>\n\t\t\t\t\t\t\t\t<\/li>\n\t\t\t\t<\/ul>\n\t\t\t\t\t\t<\/div>\n\t\t\t\t<\/div>\n\t\t\t\t\t<\/div>\n\t\t\t\t<\/div>\n\t\t\t\t\t<\/div>\n\t\t\t\t<\/div>\n\t\t\t\t<div class=\"elementor-element elementor-element-b860568 elementor-align-right elementor-widget elementor-widget-button\" data-id=\"b860568\" data-element_type=\"widget\" data-e-type=\"widget\" data-widget_type=\"button.default\">\n\t\t\t\t<div class=\"elementor-widget-container\">\n\t\t\t\t\t\t\t\t\t<div class=\"elementor-button-wrapper\">\n\t\t\t\t\t<a class=\"elementor-button elementor-size-sm\" role=\"button\">\n\t\t\t\t\t\t<span class=\"elementor-button-content-wrapper\">\n\t\t\t\t\t\t<span class=\"elementor-button-icon\">\n\t\t\t\t<svg aria-hidden=\"true\" class=\"e-font-icon-svg e-fas-long-arrow-alt-right\" viewBox=\"0 0 448 512\" xmlns=\"http:\/\/www.w3.org\/2000\/svg\"><path d=\"M313.941 216H12c-6.627 0-12 5.373-12 12v56c0 6.627 5.373 12 12 12h301.941v46.059c0 21.382 25.851 32.09 40.971 16.971l86.059-86.059c9.373-9.373 9.373-24.569 0-33.941l-86.059-86.059c-15.119-15.119-40.971-4.411-40.971 16.971V216z\"><\/path><\/svg>\t\t\t<\/span>\n\t\t\t\t\t\t\t\t\t<span class=\"elementor-button-text\"> Su\u017einoti daugiau<\/span>\n\t\t\t\t\t<\/span>\n\t\t\t\t\t<\/a>\n\t\t\t\t<\/div>\n\t\t\t\t\t\t\t\t<\/div>\n\t\t\t\t<\/div>\n\t\t\t\t<\/div>\n\t\t\t\t\t<\/div>\n\t\t\t\t<\/div>\n\t\t\t\t<\/div>\n\t\t<a href=\"https:\/\/www.dalux.com\/lt\/webinars\/efektyvus-konkursu-valdymas-su-dalux-tender-moduliu\/\" class=\"jet-engine-listing-overlay-link\"><\/a><\/div><\/div><\/div><\/div>\t\t\t\t<\/div>\n\t\t\t\t<\/div>\n\t\t\t\t\t<\/div>\n\t\t\t\t<\/div>\n\t\t\t\t<\/div>\n\t\t","protected":false},"excerpt":{"rendered":"<p>Webinarai &amp; sneak peeks Prisijunkite prie m\u016bs\u0173 Webinar\u0173 ir pagilinkite Dalux \u017einias Reguliariai organizuojame produkt\u0173 ap\u017evalgas ir internetinius mokymus pradedantiesiems ir pa\u017eengusiems naudotojams \u012fvairiomis temomis ir kalbomis. Apsi\u017evalgykite ir pa\u017eadame, kad rasite k\u0105 nors \u012fdomaus savo projektams! Art\u0117jantys webinarai Su\u017einoti daugiau<\/p>\n","protected":false},"author":1,"featured_media":244210,"parent":0,"menu_order":0,"comment_status":"closed","ping_status":"closed","template":"","meta":{"footnotes":""},"class_list":["post-93681","page","type-page","status-publish","has-post-thumbnail","hentry"],"yoast_head":"<!-- This site is optimized with the Yoast SEO plugin v27.5 - https:\/\/yoast.com\/product\/yoast-seo-wordpress\/ -->\n<title>Webinarai - Dalux<\/title>\n<meta name=\"robots\" content=\"index, follow, max-snippet:-1, max-image-preview:large, max-video-preview:-1\" \/>\n<link rel=\"canonical\" href=\"https:\/\/www.dalux.com\/lt\/webinars-hub\/\" \/>\n<meta property=\"og:locale\" content=\"lt_LT\" \/>\n<meta property=\"og:type\" content=\"article\" \/>\n<meta property=\"og:title\" content=\"Webinarai - Dalux\" \/>\n<meta property=\"og:description\" content=\"Webinarai &amp; sneak peeks Prisijunkite prie m\u016bs\u0173 Webinar\u0173 ir pagilinkite Dalux \u017einias Reguliariai organizuojame produkt\u0173 ap\u017evalgas ir internetinius mokymus pradedantiesiems ir pa\u017eengusiems naudotojams \u012fvairiomis temomis ir kalbomis. Apsi\u017evalgykite ir pa\u017eadame, kad rasite k\u0105 nors \u012fdomaus savo projektams! Art\u0117jantys webinarai Su\u017einoti daugiau\" \/>\n<meta property=\"og:url\" content=\"https:\/\/www.dalux.com\/lt\/webinars-hub\/\" \/>\n<meta property=\"og:site_name\" content=\"Dalux\" \/>\n<meta property=\"article:modified_time\" content=\"2025-11-20T13:19:04+00:00\" \/>\n<meta property=\"og:image\" content=\"https:\/\/www.dalux.com\/wp-content\/uploads\/2024\/08\/webinars.png\" \/>\n\t<meta property=\"og:image:width\" content=\"1200\" \/>\n\t<meta property=\"og:image:height\" content=\"930\" \/>\n\t<meta property=\"og:image:type\" content=\"image\/png\" \/>\n<meta name=\"twitter:card\" content=\"summary_large_image\" \/>\n<meta name=\"twitter:site\" content=\"@daluxaps\" \/>\n<meta name=\"twitter:label1\" content=\"Est. reading time\" \/>\n\t<meta name=\"twitter:data1\" content=\"1 minut\u0117\" \/>\n<script type=\"application\/ld+json\" class=\"yoast-schema-graph\">{\"@context\":\"https:\\\/\\\/schema.org\",\"@graph\":[{\"@type\":\"WebPage\",\"@id\":\"https:\\\/\\\/www.dalux.com\\\/lt\\\/webinars-hub\\\/\",\"url\":\"https:\\\/\\\/www.dalux.com\\\/lt\\\/webinars-hub\\\/\",\"name\":\"Webinarai - Dalux\",\"isPartOf\":{\"@id\":\"https:\\\/\\\/www.dalux.com\\\/lt\\\/#website\"},\"primaryImageOfPage\":{\"@id\":\"https:\\\/\\\/www.dalux.com\\\/lt\\\/webinars-hub\\\/#primaryimage\"},\"image\":{\"@id\":\"https:\\\/\\\/www.dalux.com\\\/lt\\\/webinars-hub\\\/#primaryimage\"},\"thumbnailUrl\":\"https:\\\/\\\/www.dalux.com\\\/wp-content\\\/uploads\\\/2024\\\/08\\\/webinars.png\",\"datePublished\":\"2022-07-03T11:30:00+00:00\",\"dateModified\":\"2025-11-20T13:19:04+00:00\",\"breadcrumb\":{\"@id\":\"https:\\\/\\\/www.dalux.com\\\/lt\\\/webinars-hub\\\/#breadcrumb\"},\"inLanguage\":\"lt-LT\",\"potentialAction\":[{\"@type\":\"ReadAction\",\"target\":[\"https:\\\/\\\/www.dalux.com\\\/lt\\\/webinars-hub\\\/\"]}]},{\"@type\":\"ImageObject\",\"inLanguage\":\"lt-LT\",\"@id\":\"https:\\\/\\\/www.dalux.com\\\/lt\\\/webinars-hub\\\/#primaryimage\",\"url\":\"https:\\\/\\\/www.dalux.com\\\/wp-content\\\/uploads\\\/2024\\\/08\\\/webinars.png\",\"contentUrl\":\"https:\\\/\\\/www.dalux.com\\\/wp-content\\\/uploads\\\/2024\\\/08\\\/webinars.png\",\"width\":1200,\"height\":930},{\"@type\":\"BreadcrumbList\",\"@id\":\"https:\\\/\\\/www.dalux.com\\\/lt\\\/webinars-hub\\\/#breadcrumb\",\"itemListElement\":[{\"@type\":\"ListItem\",\"position\":1,\"name\":\"Home\",\"item\":\"https:\\\/\\\/www.dalux.com\\\/lt\\\/\"},{\"@type\":\"ListItem\",\"position\":2,\"name\":\"Webinarai\"}]},{\"@type\":\"WebSite\",\"@id\":\"https:\\\/\\\/www.dalux.com\\\/lt\\\/#website\",\"url\":\"https:\\\/\\\/www.dalux.com\\\/lt\\\/\",\"name\":\"Dalux\",\"description\":\"Digitalizing the Construction Industry\",\"publisher\":{\"@id\":\"https:\\\/\\\/www.dalux.com\\\/lt\\\/#organization\"},\"potentialAction\":[{\"@type\":\"SearchAction\",\"target\":{\"@type\":\"EntryPoint\",\"urlTemplate\":\"https:\\\/\\\/www.dalux.com\\\/lt\\\/?s={search_term_string}\"},\"query-input\":{\"@type\":\"PropertyValueSpecification\",\"valueRequired\":true,\"valueName\":\"search_term_string\"}}],\"inLanguage\":\"lt-LT\"},{\"@type\":\"Organization\",\"@id\":\"https:\\\/\\\/www.dalux.com\\\/lt\\\/#organization\",\"name\":\"Dalux\",\"url\":\"https:\\\/\\\/www.dalux.com\\\/lt\\\/\",\"logo\":{\"@type\":\"ImageObject\",\"inLanguage\":\"lt-LT\",\"@id\":\"https:\\\/\\\/www.dalux.com\\\/lt\\\/#\\\/schema\\\/logo\\\/image\\\/\",\"url\":\"https:\\\/\\\/www.dalux.com\\\/wp-content\\\/uploads\\\/2022\\\/06\\\/Dalux_logo_-5000px_png_HIGH_RES.png\",\"contentUrl\":\"https:\\\/\\\/www.dalux.com\\\/wp-content\\\/uploads\\\/2022\\\/06\\\/Dalux_logo_-5000px_png_HIGH_RES.png\",\"width\":5001,\"height\":1559,\"caption\":\"Dalux\"},\"image\":{\"@id\":\"https:\\\/\\\/www.dalux.com\\\/lt\\\/#\\\/schema\\\/logo\\\/image\\\/\"},\"sameAs\":[\"https:\\\/\\\/x.com\\\/daluxaps\",\"https:\\\/\\\/www.linkedin.com\\\/company\\\/dalux\\\/\",\"https:\\\/\\\/www.youtube.com\\\/user\\\/DaluxAps\\\/featured\"]}]}<\/script>\n<!-- \/ Yoast SEO plugin. -->","yoast_head_json":{"title":"Webinarai - Dalux","robots":{"index":"index","follow":"follow","max-snippet":"max-snippet:-1","max-image-preview":"max-image-preview:large","max-video-preview":"max-video-preview:-1"},"canonical":"https:\/\/www.dalux.com\/lt\/webinars-hub\/","og_locale":"lt_LT","og_type":"article","og_title":"Webinarai - Dalux","og_description":"Webinarai &amp; sneak peeks Prisijunkite prie m\u016bs\u0173 Webinar\u0173 ir pagilinkite Dalux \u017einias Reguliariai organizuojame produkt\u0173 ap\u017evalgas ir internetinius mokymus pradedantiesiems ir pa\u017eengusiems naudotojams \u012fvairiomis temomis ir kalbomis. Apsi\u017evalgykite ir pa\u017eadame, kad rasite k\u0105 nors \u012fdomaus savo projektams! Art\u0117jantys webinarai Su\u017einoti daugiau","og_url":"https:\/\/www.dalux.com\/lt\/webinars-hub\/","og_site_name":"Dalux","article_modified_time":"2025-11-20T13:19:04+00:00","og_image":[{"width":1200,"height":930,"url":"https:\/\/www.dalux.com\/wp-content\/uploads\/2024\/08\/webinars.png","type":"image\/png"}],"twitter_card":"summary_large_image","twitter_site":"@daluxaps","twitter_misc":{"Est. reading time":"1 minut\u0117"},"schema":{"@context":"https:\/\/schema.org","@graph":[{"@type":"WebPage","@id":"https:\/\/www.dalux.com\/lt\/webinars-hub\/","url":"https:\/\/www.dalux.com\/lt\/webinars-hub\/","name":"Webinarai - Dalux","isPartOf":{"@id":"https:\/\/www.dalux.com\/lt\/#website"},"primaryImageOfPage":{"@id":"https:\/\/www.dalux.com\/lt\/webinars-hub\/#primaryimage"},"image":{"@id":"https:\/\/www.dalux.com\/lt\/webinars-hub\/#primaryimage"},"thumbnailUrl":"https:\/\/www.dalux.com\/wp-content\/uploads\/2024\/08\/webinars.png","datePublished":"2022-07-03T11:30:00+00:00","dateModified":"2025-11-20T13:19:04+00:00","breadcrumb":{"@id":"https:\/\/www.dalux.com\/lt\/webinars-hub\/#breadcrumb"},"inLanguage":"lt-LT","potentialAction":[{"@type":"ReadAction","target":["https:\/\/www.dalux.com\/lt\/webinars-hub\/"]}]},{"@type":"ImageObject","inLanguage":"lt-LT","@id":"https:\/\/www.dalux.com\/lt\/webinars-hub\/#primaryimage","url":"https:\/\/www.dalux.com\/wp-content\/uploads\/2024\/08\/webinars.png","contentUrl":"https:\/\/www.dalux.com\/wp-content\/uploads\/2024\/08\/webinars.png","width":1200,"height":930},{"@type":"BreadcrumbList","@id":"https:\/\/www.dalux.com\/lt\/webinars-hub\/#breadcrumb","itemListElement":[{"@type":"ListItem","position":1,"name":"Home","item":"https:\/\/www.dalux.com\/lt\/"},{"@type":"ListItem","position":2,"name":"Webinarai"}]},{"@type":"WebSite","@id":"https:\/\/www.dalux.com\/lt\/#website","url":"https:\/\/www.dalux.com\/lt\/","name":"Dalux","description":"Digitalizing the Construction Industry","publisher":{"@id":"https:\/\/www.dalux.com\/lt\/#organization"},"potentialAction":[{"@type":"SearchAction","target":{"@type":"EntryPoint","urlTemplate":"https:\/\/www.dalux.com\/lt\/?s={search_term_string}"},"query-input":{"@type":"PropertyValueSpecification","valueRequired":true,"valueName":"search_term_string"}}],"inLanguage":"lt-LT"},{"@type":"Organization","@id":"https:\/\/www.dalux.com\/lt\/#organization","name":"Dalux","url":"https:\/\/www.dalux.com\/lt\/","logo":{"@type":"ImageObject","inLanguage":"lt-LT","@id":"https:\/\/www.dalux.com\/lt\/#\/schema\/logo\/image\/","url":"https:\/\/www.dalux.com\/wp-content\/uploads\/2022\/06\/Dalux_logo_-5000px_png_HIGH_RES.png","contentUrl":"https:\/\/www.dalux.com\/wp-content\/uploads\/2022\/06\/Dalux_logo_-5000px_png_HIGH_RES.png","width":5001,"height":1559,"caption":"Dalux"},"image":{"@id":"https:\/\/www.dalux.com\/lt\/#\/schema\/logo\/image\/"},"sameAs":["https:\/\/x.com\/daluxaps","https:\/\/www.linkedin.com\/company\/dalux\/","https:\/\/www.youtube.com\/user\/DaluxAps\/featured"]}]}},"_links":{"self":[{"href":"https:\/\/www.dalux.com\/lt\/wp-json\/wp\/v2\/pages\/93681","targetHints":{"allow":["GET"]}}],"collection":[{"href":"https:\/\/www.dalux.com\/lt\/wp-json\/wp\/v2\/pages"}],"about":[{"href":"https:\/\/www.dalux.com\/lt\/wp-json\/wp\/v2\/types\/page"}],"author":[{"embeddable":true,"href":"https:\/\/www.dalux.com\/lt\/wp-json\/wp\/v2\/users\/1"}],"replies":[{"embeddable":true,"href":"https:\/\/www.dalux.com\/lt\/wp-json\/wp\/v2\/comments?post=93681"}],"version-history":[{"count":33,"href":"https:\/\/www.dalux.com\/lt\/wp-json\/wp\/v2\/pages\/93681\/revisions"}],"predecessor-version":[{"id":324440,"href":"https:\/\/www.dalux.com\/lt\/wp-json\/wp\/v2\/pages\/93681\/revisions\/324440"}],"wp:featuredmedia":[{"embeddable":true,"href":"https:\/\/www.dalux.com\/lt\/wp-json\/wp\/v2\/media\/244210"}],"wp:attachment":[{"href":"https:\/\/www.dalux.com\/lt\/wp-json\/wp\/v2\/media?parent=93681"}],"curies":[{"name":"wp","href":"https:\/\/api.w.org\/{rel}","templated":true}]}}