{"id":91928,"date":"2022-07-03T13:30:00","date_gmt":"2022-07-03T11:30:00","guid":{"rendered":"https:\/\/www.dalux.com\/?page_id=91928"},"modified":"2025-11-20T14:20:42","modified_gmt":"2025-11-20T13:20:42","slug":"webinary","status":"publish","type":"page","link":"https:\/\/www.dalux.com\/pl\/webinary\/","title":{"rendered":"Webinary"},"content":{"rendered":"\t\t<div data-elementor-type=\"wp-page\" data-elementor-id=\"91928\" class=\"elementor elementor-91928 elementor-5274\" data-elementor-post-type=\"page\">\n\t\t\t\t<div class=\"elementor-element elementor-element-ab3a6bb e-flex e-con-boxed e-con e-parent\" data-id=\"ab3a6bb\" data-element_type=\"container\" data-e-type=\"container\" data-settings=\"{&quot;background_background&quot;:&quot;classic&quot;}\">\n\t\t\t\t\t<div class=\"e-con-inner\">\n\t\t\t\t<div class=\"elementor-element elementor-element-20f4c27 elementor-widget elementor-widget-heading\" data-id=\"20f4c27\" data-element_type=\"widget\" data-e-type=\"widget\" data-widget_type=\"heading.default\">\n\t\t\t\t<div class=\"elementor-widget-container\">\n\t\t\t\t\t<h2 class=\"elementor-heading-title elementor-size-default\">Webinary &amp; sneak peeks<\/h2>\t\t\t\t<\/div>\n\t\t\t\t<\/div>\n\t\t\t\t<div class=\"elementor-element elementor-element-f97634e animated-fast elementor-widget elementor-widget-heading\" data-id=\"f97634e\" data-element_type=\"widget\" data-e-type=\"widget\" data-settings=\"{&quot;_animation&quot;:&quot;none&quot;,&quot;_animation_delay&quot;:0}\" data-widget_type=\"heading.default\">\n\t\t\t\t<div class=\"elementor-widget-container\">\n\t\t\t\t\t<h1 class=\"elementor-heading-title elementor-size-default\">Do\u0142\u0105cz do naszych <span>Webinari\u00f3w<\/span>, aby podnie\u015b\u0107 poziom swojej wiedzy o Dalux<\/h1>\t\t\t\t<\/div>\n\t\t\t\t<\/div>\n\t\t\t\t<div class=\"elementor-element elementor-element-0e6763a elementor-widget__width-initial elementor-widget elementor-widget-text-editor\" data-id=\"0e6763a\" data-element_type=\"widget\" data-e-type=\"widget\" data-widget_type=\"text-editor.default\">\n\t\t\t\t<div class=\"elementor-widget-container\">\n\t\t\t\t\t\t\t\t\t<p>Regularnie organizujemy prezentacje produkt\u00f3w i szkolenia online dla pocz\u0105tkuj\u0105cych i zaawansowanych u\u017cytkownik\u00f3w w r\u00f3\u017cnych tematach i j\u0119zykach. Rozejrzyj si\u0119, a obiecujemy, \u017ce znajdziesz co\u015b ciekawego do swoich projekt\u00f3w!<\/p>\t\t\t\t\t\t\t\t<\/div>\n\t\t\t\t<\/div>\n\t\t\t\t\t<\/div>\n\t\t\t\t<\/div>\n\t\t<div class=\"elementor-element elementor-element-90100a8 e-flex e-con-boxed e-con e-parent\" data-id=\"90100a8\" data-element_type=\"container\" data-e-type=\"container\" data-settings=\"{&quot;background_background&quot;:&quot;classic&quot;}\">\n\t\t\t\t\t<div class=\"e-con-inner\">\n\t\t<div class=\"elementor-element elementor-element-f65a8d9 e-flex e-con-boxed e-con e-child\" data-id=\"f65a8d9\" data-element_type=\"container\" data-e-type=\"container\" data-settings=\"{&quot;background_background&quot;:&quot;classic&quot;}\">\n\t\t\t\t\t<div class=\"e-con-inner\">\n\t\t\t\t<div class=\"elementor-element elementor-element-9041ffe elementor-widget__width-auto elementor-widget elementor-widget-heading\" data-id=\"9041ffe\" data-element_type=\"widget\" data-e-type=\"widget\" data-widget_type=\"heading.default\">\n\t\t\t\t<div class=\"elementor-widget-container\">\n\t\t\t\t\t<h2 class=\"elementor-heading-title elementor-size-default\">Nadchodz\u0105ce webinaria<\/h2>\t\t\t\t<\/div>\n\t\t\t\t<\/div>\n\t\t\t\t\t<\/div>\n\t\t\t\t<\/div>\n\t\t\t\t<div class=\"elementor-element elementor-element-441ef29 elementor-widget-divider--view-line elementor-widget elementor-widget-divider\" data-id=\"441ef29\" data-element_type=\"widget\" data-e-type=\"widget\" data-widget_type=\"divider.default\">\n\t\t\t\t<div class=\"elementor-widget-container\">\n\t\t\t\t\t\t\t<div class=\"elementor-divider\">\n\t\t\t<span class=\"elementor-divider-separator\">\n\t\t\t\t\t\t<\/span>\n\t\t<\/div>\n\t\t\t\t\t\t<\/div>\n\t\t\t\t<\/div>\n\t\t\t\t<div class=\"elementor-element elementor-element-bae2e0c elementor-widget elementor-widget-jet-listing-grid\" data-id=\"bae2e0c\" data-element_type=\"widget\" data-e-type=\"widget\" data-settings=\"{&quot;columns&quot;:&quot;3&quot;,&quot;columns_mobile&quot;:&quot;1&quot;}\" data-widget_type=\"jet-listing-grid.default\">\n\t\t\t\t<div class=\"elementor-widget-container\">\n\t\t\t\t\t<div class=\"jet-listing-grid jet-listing\"><div class=\"jet-listing-not-found jet-listing-grid__items\" data-nav=\"{&quot;enabled&quot;:true,&quot;type&quot;:&quot;scroll&quot;,&quot;more_el&quot;:null,&quot;query&quot;:{&quot;query_id&quot;:94,&quot;posts_per_page&quot;:30,&quot;signature&quot;:&quot;032b40d17e176821f4484cd6259bddd0da0abd604f180f810273d7b27e1514f7&quot;},&quot;widget_settings&quot;:{&quot;lisitng_id&quot;:85596,&quot;posts_num&quot;:30,&quot;columns&quot;:3,&quot;columns_tablet&quot;:3,&quot;columns_mobile&quot;:1,&quot;column_min_width&quot;:240,&quot;column_min_width_tablet&quot;:240,&quot;column_min_width_mobile&quot;:240,&quot;inline_columns_css&quot;:false,&quot;is_archive_template&quot;:&quot;&quot;,&quot;post_status&quot;:[&quot;publish&quot;],&quot;use_random_posts_num&quot;:&quot;&quot;,&quot;max_posts_num&quot;:9,&quot;not_found_message&quot;:&quot;Nie ma nadchodz\\u0105cych webinar\\u00f3w w Twoim j\\u0119zyku.&quot;,&quot;is_masonry&quot;:false,&quot;equal_columns_height&quot;:&quot;yes&quot;,&quot;use_load_more&quot;:&quot;yes&quot;,&quot;load_more_id&quot;:&quot;&quot;,&quot;load_more_type&quot;:&quot;scroll&quot;,&quot;load_more_offset&quot;:{&quot;unit&quot;:&quot;px&quot;,&quot;size&quot;:0,&quot;sizes&quot;:[]},&quot;use_custom_post_types&quot;:&quot;&quot;,&quot;custom_post_types&quot;:[],&quot;hide_widget_if&quot;:&quot;&quot;,&quot;carousel_enabled&quot;:&quot;&quot;,&quot;slides_to_scroll&quot;:&quot;1&quot;,&quot;arrows&quot;:&quot;true&quot;,&quot;arrow_icon&quot;:&quot;fa fa-angle-left&quot;,&quot;dots&quot;:&quot;&quot;,&quot;autoplay&quot;:&quot;true&quot;,&quot;pause_on_hover&quot;:&quot;true&quot;,&quot;autoplay_speed&quot;:5000,&quot;infinite&quot;:&quot;true&quot;,&quot;center_mode&quot;:&quot;&quot;,&quot;effect&quot;:&quot;slide&quot;,&quot;speed&quot;:500,&quot;inject_alternative_items&quot;:&quot;yes&quot;,&quot;injection_items&quot;:[{&quot;_id&quot;:&quot;4dd2442&quot;,&quot;item&quot;:&quot;95432&quot;,&quot;item_condition_type&quot;:&quot;item_meta&quot;,&quot;meta_key&quot;:&quot;highlighted&quot;,&quot;meta_key_val&quot;:&quot;yes&quot;,&quot;tax&quot;:null,&quot;item_colspan&quot;:&quot;2&quot;,&quot;item_num&quot;:null,&quot;start_from_first&quot;:null,&quot;meta_key_compare&quot;:&quot;=&quot;,&quot;terms&quot;:null,&quot;post_type&quot;:null,&quot;inject_once&quot;:&quot;&quot;,&quot;static_item&quot;:&quot;&quot;,&quot;static_item_context&quot;:null}],&quot;scroll_slider_enabled&quot;:&quot;&quot;,&quot;scroll_slider_on&quot;:[&quot;desktop&quot;,&quot;tablet&quot;,&quot;mobile&quot;],&quot;custom_query&quot;:&quot;yes&quot;,&quot;custom_query_id&quot;:&quot;94&quot;,&quot;_element_id&quot;:&quot;&quot;,&quot;collapse_first_last_gap&quot;:false,&quot;list_tag_selection&quot;:&quot;&quot;,&quot;list_items_wrapper_tag&quot;:&quot;div&quot;,&quot;list_item_tag&quot;:&quot;div&quot;,&quot;empty_items_wrapper_tag&quot;:&quot;div&quot;}}\" data-listing-source=\"query\" data-listing-id=\"85596\" data-query-id=\"94\" data-queried-id=\"91928|WP_Post\">Nie ma nadchodz\u0105cych webinar\u00f3w w Twoim j\u0119zyku.<\/div><\/div>\t\t\t\t<\/div>\n\t\t\t\t<\/div>\n\t\t\t\t\t<\/div>\n\t\t\t\t<\/div>\n\t\t\t\t<\/div>\n\t\t","protected":false},"excerpt":{"rendered":"<p>Webinary &amp; sneak peeks Do\u0142\u0105cz do naszych Webinari\u00f3w, aby podnie\u015b\u0107 poziom swojej wiedzy o Dalux Regularnie organizujemy prezentacje produkt\u00f3w i szkolenia online dla pocz\u0105tkuj\u0105cych i zaawansowanych u\u017cytkownik\u00f3w w r\u00f3\u017cnych tematach i j\u0119zykach. Rozejrzyj si\u0119, a obiecujemy, \u017ce znajdziesz co\u015b ciekawego do swoich projekt\u00f3w! Nadchodz\u0105ce webinaria Czytaj wi\u0119cej Czytaj wi\u0119cej Czytaj wi\u0119cej Czytaj wi\u0119cej Czytaj wi\u0119cej [&hellip;]<\/p>\n","protected":false},"author":1,"featured_media":244212,"parent":0,"menu_order":0,"comment_status":"closed","ping_status":"closed","template":"","meta":{"footnotes":""},"class_list":["post-91928","page","type-page","status-publish","has-post-thumbnail","hentry"],"yoast_head":"<!-- This site is optimized with the Yoast SEO plugin v27.5 - https:\/\/yoast.com\/product\/yoast-seo-wordpress\/ -->\n<title>Webinary - Dalux<\/title>\n<meta name=\"robots\" content=\"index, follow, max-snippet:-1, max-image-preview:large, max-video-preview:-1\" \/>\n<link rel=\"canonical\" href=\"https:\/\/www.dalux.com\/pl\/webinary\/\" \/>\n<meta property=\"og:locale\" content=\"pl_PL\" \/>\n<meta property=\"og:type\" content=\"article\" \/>\n<meta property=\"og:title\" content=\"Webinary - Dalux\" \/>\n<meta property=\"og:description\" content=\"Webinary &amp; sneak peeks Do\u0142\u0105cz do naszych Webinari\u00f3w, aby podnie\u015b\u0107 poziom swojej wiedzy o Dalux Regularnie organizujemy prezentacje produkt\u00f3w i szkolenia online dla pocz\u0105tkuj\u0105cych i zaawansowanych u\u017cytkownik\u00f3w w r\u00f3\u017cnych tematach i j\u0119zykach. Rozejrzyj si\u0119, a obiecujemy, \u017ce znajdziesz co\u015b ciekawego do swoich projekt\u00f3w! Nadchodz\u0105ce webinaria Czytaj wi\u0119cej Czytaj wi\u0119cej Czytaj wi\u0119cej Czytaj wi\u0119cej Czytaj wi\u0119cej [&hellip;]\" \/>\n<meta property=\"og:url\" content=\"https:\/\/www.dalux.com\/pl\/webinary\/\" \/>\n<meta property=\"og:site_name\" content=\"Dalux\" \/>\n<meta property=\"article:modified_time\" content=\"2025-11-20T13:20:42+00:00\" \/>\n<meta property=\"og:image\" content=\"https:\/\/www.dalux.com\/wp-content\/uploads\/2024\/08\/webinars.png\" \/>\n\t<meta property=\"og:image:width\" content=\"1200\" \/>\n\t<meta property=\"og:image:height\" content=\"930\" \/>\n\t<meta property=\"og:image:type\" content=\"image\/png\" \/>\n<meta name=\"twitter:card\" content=\"summary_large_image\" \/>\n<meta name=\"twitter:site\" content=\"@daluxaps\" \/>\n<meta name=\"twitter:label1\" content=\"Szacowany czas czytania\" \/>\n\t<meta name=\"twitter:data1\" content=\"2 minuty\" \/>\n<script type=\"application\/ld+json\" class=\"yoast-schema-graph\">{\"@context\":\"https:\\\/\\\/schema.org\",\"@graph\":[{\"@type\":\"WebPage\",\"@id\":\"https:\\\/\\\/www.dalux.com\\\/pl\\\/webinary\\\/\",\"url\":\"https:\\\/\\\/www.dalux.com\\\/pl\\\/webinary\\\/\",\"name\":\"Webinary - Dalux\",\"isPartOf\":{\"@id\":\"https:\\\/\\\/www.dalux.com\\\/pl\\\/#website\"},\"primaryImageOfPage\":{\"@id\":\"https:\\\/\\\/www.dalux.com\\\/pl\\\/webinary\\\/#primaryimage\"},\"image\":{\"@id\":\"https:\\\/\\\/www.dalux.com\\\/pl\\\/webinary\\\/#primaryimage\"},\"thumbnailUrl\":\"https:\\\/\\\/www.dalux.com\\\/wp-content\\\/uploads\\\/2024\\\/08\\\/webinars.png\",\"datePublished\":\"2022-07-03T11:30:00+00:00\",\"dateModified\":\"2025-11-20T13:20:42+00:00\",\"breadcrumb\":{\"@id\":\"https:\\\/\\\/www.dalux.com\\\/pl\\\/webinary\\\/#breadcrumb\"},\"inLanguage\":\"pl-PL\",\"potentialAction\":[{\"@type\":\"ReadAction\",\"target\":[\"https:\\\/\\\/www.dalux.com\\\/pl\\\/webinary\\\/\"]}]},{\"@type\":\"ImageObject\",\"inLanguage\":\"pl-PL\",\"@id\":\"https:\\\/\\\/www.dalux.com\\\/pl\\\/webinary\\\/#primaryimage\",\"url\":\"https:\\\/\\\/www.dalux.com\\\/wp-content\\\/uploads\\\/2024\\\/08\\\/webinars.png\",\"contentUrl\":\"https:\\\/\\\/www.dalux.com\\\/wp-content\\\/uploads\\\/2024\\\/08\\\/webinars.png\",\"width\":1200,\"height\":930},{\"@type\":\"BreadcrumbList\",\"@id\":\"https:\\\/\\\/www.dalux.com\\\/pl\\\/webinary\\\/#breadcrumb\",\"itemListElement\":[{\"@type\":\"ListItem\",\"position\":1,\"name\":\"Home\",\"item\":\"https:\\\/\\\/www.dalux.com\\\/pl\\\/\"},{\"@type\":\"ListItem\",\"position\":2,\"name\":\"Webinary\"}]},{\"@type\":\"WebSite\",\"@id\":\"https:\\\/\\\/www.dalux.com\\\/pl\\\/#website\",\"url\":\"https:\\\/\\\/www.dalux.com\\\/pl\\\/\",\"name\":\"Dalux\",\"description\":\"Digitalizing the Construction Industry\",\"publisher\":{\"@id\":\"https:\\\/\\\/www.dalux.com\\\/pl\\\/#organization\"},\"potentialAction\":[{\"@type\":\"SearchAction\",\"target\":{\"@type\":\"EntryPoint\",\"urlTemplate\":\"https:\\\/\\\/www.dalux.com\\\/pl\\\/?s={search_term_string}\"},\"query-input\":{\"@type\":\"PropertyValueSpecification\",\"valueRequired\":true,\"valueName\":\"search_term_string\"}}],\"inLanguage\":\"pl-PL\"},{\"@type\":\"Organization\",\"@id\":\"https:\\\/\\\/www.dalux.com\\\/pl\\\/#organization\",\"name\":\"Dalux\",\"url\":\"https:\\\/\\\/www.dalux.com\\\/pl\\\/\",\"logo\":{\"@type\":\"ImageObject\",\"inLanguage\":\"pl-PL\",\"@id\":\"https:\\\/\\\/www.dalux.com\\\/pl\\\/#\\\/schema\\\/logo\\\/image\\\/\",\"url\":\"https:\\\/\\\/www.dalux.com\\\/wp-content\\\/uploads\\\/2022\\\/06\\\/Dalux_logo_-5000px_png_HIGH_RES.png\",\"contentUrl\":\"https:\\\/\\\/www.dalux.com\\\/wp-content\\\/uploads\\\/2022\\\/06\\\/Dalux_logo_-5000px_png_HIGH_RES.png\",\"width\":5001,\"height\":1559,\"caption\":\"Dalux\"},\"image\":{\"@id\":\"https:\\\/\\\/www.dalux.com\\\/pl\\\/#\\\/schema\\\/logo\\\/image\\\/\"},\"sameAs\":[\"https:\\\/\\\/x.com\\\/daluxaps\",\"https:\\\/\\\/www.linkedin.com\\\/company\\\/dalux\\\/\",\"https:\\\/\\\/www.youtube.com\\\/user\\\/DaluxAps\\\/featured\"]}]}<\/script>\n<!-- \/ Yoast SEO plugin. -->","yoast_head_json":{"title":"Webinary - Dalux","robots":{"index":"index","follow":"follow","max-snippet":"max-snippet:-1","max-image-preview":"max-image-preview:large","max-video-preview":"max-video-preview:-1"},"canonical":"https:\/\/www.dalux.com\/pl\/webinary\/","og_locale":"pl_PL","og_type":"article","og_title":"Webinary - Dalux","og_description":"Webinary &amp; sneak peeks Do\u0142\u0105cz do naszych Webinari\u00f3w, aby podnie\u015b\u0107 poziom swojej wiedzy o Dalux Regularnie organizujemy prezentacje produkt\u00f3w i szkolenia online dla pocz\u0105tkuj\u0105cych i zaawansowanych u\u017cytkownik\u00f3w w r\u00f3\u017cnych tematach i j\u0119zykach. Rozejrzyj si\u0119, a obiecujemy, \u017ce znajdziesz co\u015b ciekawego do swoich projekt\u00f3w! Nadchodz\u0105ce webinaria Czytaj wi\u0119cej Czytaj wi\u0119cej Czytaj wi\u0119cej Czytaj wi\u0119cej Czytaj wi\u0119cej [&hellip;]","og_url":"https:\/\/www.dalux.com\/pl\/webinary\/","og_site_name":"Dalux","article_modified_time":"2025-11-20T13:20:42+00:00","og_image":[{"width":1200,"height":930,"url":"https:\/\/www.dalux.com\/wp-content\/uploads\/2024\/08\/webinars.png","type":"image\/png"}],"twitter_card":"summary_large_image","twitter_site":"@daluxaps","twitter_misc":{"Szacowany czas czytania":"2 minuty"},"schema":{"@context":"https:\/\/schema.org","@graph":[{"@type":"WebPage","@id":"https:\/\/www.dalux.com\/pl\/webinary\/","url":"https:\/\/www.dalux.com\/pl\/webinary\/","name":"Webinary - Dalux","isPartOf":{"@id":"https:\/\/www.dalux.com\/pl\/#website"},"primaryImageOfPage":{"@id":"https:\/\/www.dalux.com\/pl\/webinary\/#primaryimage"},"image":{"@id":"https:\/\/www.dalux.com\/pl\/webinary\/#primaryimage"},"thumbnailUrl":"https:\/\/www.dalux.com\/wp-content\/uploads\/2024\/08\/webinars.png","datePublished":"2022-07-03T11:30:00+00:00","dateModified":"2025-11-20T13:20:42+00:00","breadcrumb":{"@id":"https:\/\/www.dalux.com\/pl\/webinary\/#breadcrumb"},"inLanguage":"pl-PL","potentialAction":[{"@type":"ReadAction","target":["https:\/\/www.dalux.com\/pl\/webinary\/"]}]},{"@type":"ImageObject","inLanguage":"pl-PL","@id":"https:\/\/www.dalux.com\/pl\/webinary\/#primaryimage","url":"https:\/\/www.dalux.com\/wp-content\/uploads\/2024\/08\/webinars.png","contentUrl":"https:\/\/www.dalux.com\/wp-content\/uploads\/2024\/08\/webinars.png","width":1200,"height":930},{"@type":"BreadcrumbList","@id":"https:\/\/www.dalux.com\/pl\/webinary\/#breadcrumb","itemListElement":[{"@type":"ListItem","position":1,"name":"Home","item":"https:\/\/www.dalux.com\/pl\/"},{"@type":"ListItem","position":2,"name":"Webinary"}]},{"@type":"WebSite","@id":"https:\/\/www.dalux.com\/pl\/#website","url":"https:\/\/www.dalux.com\/pl\/","name":"Dalux","description":"Digitalizing the Construction Industry","publisher":{"@id":"https:\/\/www.dalux.com\/pl\/#organization"},"potentialAction":[{"@type":"SearchAction","target":{"@type":"EntryPoint","urlTemplate":"https:\/\/www.dalux.com\/pl\/?s={search_term_string}"},"query-input":{"@type":"PropertyValueSpecification","valueRequired":true,"valueName":"search_term_string"}}],"inLanguage":"pl-PL"},{"@type":"Organization","@id":"https:\/\/www.dalux.com\/pl\/#organization","name":"Dalux","url":"https:\/\/www.dalux.com\/pl\/","logo":{"@type":"ImageObject","inLanguage":"pl-PL","@id":"https:\/\/www.dalux.com\/pl\/#\/schema\/logo\/image\/","url":"https:\/\/www.dalux.com\/wp-content\/uploads\/2022\/06\/Dalux_logo_-5000px_png_HIGH_RES.png","contentUrl":"https:\/\/www.dalux.com\/wp-content\/uploads\/2022\/06\/Dalux_logo_-5000px_png_HIGH_RES.png","width":5001,"height":1559,"caption":"Dalux"},"image":{"@id":"https:\/\/www.dalux.com\/pl\/#\/schema\/logo\/image\/"},"sameAs":["https:\/\/x.com\/daluxaps","https:\/\/www.linkedin.com\/company\/dalux\/","https:\/\/www.youtube.com\/user\/DaluxAps\/featured"]}]}},"_links":{"self":[{"href":"https:\/\/www.dalux.com\/pl\/wp-json\/wp\/v2\/pages\/91928","targetHints":{"allow":["GET"]}}],"collection":[{"href":"https:\/\/www.dalux.com\/pl\/wp-json\/wp\/v2\/pages"}],"about":[{"href":"https:\/\/www.dalux.com\/pl\/wp-json\/wp\/v2\/types\/page"}],"author":[{"embeddable":true,"href":"https:\/\/www.dalux.com\/pl\/wp-json\/wp\/v2\/users\/1"}],"replies":[{"embeddable":true,"href":"https:\/\/www.dalux.com\/pl\/wp-json\/wp\/v2\/comments?post=91928"}],"version-history":[{"count":30,"href":"https:\/\/www.dalux.com\/pl\/wp-json\/wp\/v2\/pages\/91928\/revisions"}],"predecessor-version":[{"id":324446,"href":"https:\/\/www.dalux.com\/pl\/wp-json\/wp\/v2\/pages\/91928\/revisions\/324446"}],"wp:featuredmedia":[{"embeddable":true,"href":"https:\/\/www.dalux.com\/pl\/wp-json\/wp\/v2\/media\/244212"}],"wp:attachment":[{"href":"https:\/\/www.dalux.com\/pl\/wp-json\/wp\/v2\/media?parent=91928"}],"curies":[{"name":"wp","href":"https:\/\/api.w.org\/{rel}","templated":true}]}}