{"id":324228,"date":"2022-06-23T09:00:29","date_gmt":"2022-06-23T07:00:29","guid":{"rendered":"https:\/\/www.dalux.com\/vaga\/"},"modified":"2025-11-20T10:09:17","modified_gmt":"2025-11-20T09:09:17","slug":"vaga","status":"publish","type":"page","link":"https:\/\/www.dalux.com\/pt-pt\/carreira\/vaga\/","title":{"rendered":"Vaga"},"content":{"rendered":"\t\t<div data-elementor-type=\"wp-page\" data-elementor-id=\"324228\" class=\"elementor elementor-324228 elementor-1172\" data-elementor-post-type=\"page\">\n\t\t\t\t\t\t<section class=\"elementor-section elementor-top-section elementor-element elementor-element-4eb1e6c elementor-section-boxed elementor-section-height-default elementor-section-height-default\" data-id=\"4eb1e6c\" data-element_type=\"section\" data-e-type=\"section\">\n\t\t\t\t\t\t<div class=\"elementor-container elementor-column-gap-default\">\n\t\t\t\t\t<div class=\"elementor-column elementor-col-100 elementor-top-column elementor-element elementor-element-9a85bbf\" data-id=\"9a85bbf\" data-element_type=\"column\" data-e-type=\"column\">\n\t\t\t<div class=\"elementor-widget-wrap elementor-element-populated\">\n\t\t\t\t\t\t<div class=\"elementor-element elementor-element-e1c956d elementor-align-left elementor-widget elementor-widget-button\" data-id=\"e1c956d\" data-element_type=\"widget\" data-e-type=\"widget\" data-widget_type=\"button.default\">\n\t\t\t\t<div class=\"elementor-widget-container\">\n\t\t\t\t\t\t\t\t\t<div class=\"elementor-button-wrapper\">\n\t\t\t\t\t<a class=\"elementor-button elementor-button-link elementor-size-md\" href=\"https:\/\/www.dalux.com\/pt-pt\/carreira\/#positions\">\n\t\t\t\t\t\t<span class=\"elementor-button-content-wrapper\">\n\t\t\t\t\t\t<span class=\"elementor-button-icon\">\n\t\t\t\t<svg aria-hidden=\"true\" class=\"e-font-icon-svg e-fas-long-arrow-alt-left\" viewBox=\"0 0 448 512\" xmlns=\"http:\/\/www.w3.org\/2000\/svg\"><path d=\"M134.059 296H436c6.627 0 12-5.373 12-12v-56c0-6.627-5.373-12-12-12H134.059v-46.059c0-21.382-25.851-32.09-40.971-16.971L7.029 239.029c-9.373 9.373-9.373 24.569 0 33.941l86.059 86.059c15.119 15.119 40.971 4.411 40.971-16.971V296z\"><\/path><\/svg>\t\t\t<\/span>\n\t\t\t\t\t\t\t\t\t<span class=\"elementor-button-text\">Voltar a todas <\/span>\n\t\t\t\t\t<\/span>\n\t\t\t\t\t<\/a>\n\t\t\t\t<\/div>\n\t\t\t\t\t\t\t\t<\/div>\n\t\t\t\t<\/div>\n\t\t\t\t<div class=\"elementor-element elementor-element-fadf9e5 elementor-widget elementor-widget-html\" data-id=\"fadf9e5\" data-element_type=\"widget\" data-e-type=\"widget\" data-widget_type=\"html.default\">\n\t\t\t\t<div class=\"elementor-widget-container\">\n\t\t\t\t\t<!--HER STARTER SCRIPT \/ SCRIPT BEGINS HERE v1-->\r\n<script src=\"https:\/\/recruit.hr-on.com\/frame-api\/hr.js?pplus\" type=\"text\/javascript\"\/>\r\n<div id=\"hr-on\"><noscript>Esta p\u00e1gina requer JavaScript<\/noscript><\/div>\r\n<script defer=\"defer\" src=\"https:\/\/recruit.hr-on.com\/frame-api\/customers\/dalux.js?\" type=\"text\/javascript\"\/>\r\n<a style=\"font-size: 8px; color: #aaaaaa; font-family: verdana, sans-serif; text-decoration: none;\" href=\"http:\/\/hr-on.com\/\">\u00a9 e-Recruitment por HR-ON<\/a>\r\n<!--HER SLUTTER SCRIPT \/ SCRIPT ENDS HERE-->\r\n\t\t\t\t<\/div>\n\t\t\t\t<\/div>\n\t\t\t\t\t<\/div>\n\t\t<\/div>\n\t\t\t\t\t<\/div>\n\t\t<\/section>\n\t\t\t\t<\/div>\n\t\t","protected":false},"excerpt":{"rendered":"<p>Voltar a todas Esta p\u00e1gina requer JavaScript \u00a9 e-Recruitment por HR-ON<\/p>\n","protected":false},"author":1,"featured_media":324230,"parent":324266,"menu_order":0,"comment_status":"closed","ping_status":"closed","template":"","meta":{"footnotes":""},"class_list":["post-324228","page","type-page","status-publish","has-post-thumbnail","hentry"],"yoast_head":"<!-- This site is optimized with the Yoast SEO plugin v27.2 - https:\/\/yoast.com\/product\/yoast-seo-wordpress\/ -->\n<title>Vaga - Dalux - Ver posi\u00e7\u00f5es dispon\u00edveis<\/title>\n<meta name=\"description\" content=\"Quer juntar-se \u00e0 nossa equipa? Ver todas as vagas dispon\u00edveis da Dalux na sua \u00e1rea. Estamos a crescer e procuramos novos talentos para se juntarem a n\u00f3s.\" \/>\n<meta name=\"robots\" content=\"index, follow, max-snippet:-1, max-image-preview:large, max-video-preview:-1\" \/>\n<link rel=\"canonical\" href=\"https:\/\/www.dalux.com\/pt-pt\/carreira\/vaga\/\" \/>\n<meta property=\"og:locale\" content=\"pt_PT\" \/>\n<meta property=\"og:type\" content=\"article\" \/>\n<meta property=\"og:title\" content=\"Vaga - Dalux - Ver posi\u00e7\u00f5es dispon\u00edveis\" \/>\n<meta property=\"og:description\" content=\"Quer juntar-se \u00e0 nossa equipa? Ver todas as vagas dispon\u00edveis da Dalux na sua \u00e1rea. Estamos a crescer e procuramos novos talentos para se juntarem a n\u00f3s.\" \/>\n<meta property=\"og:url\" content=\"https:\/\/www.dalux.com\/pt-pt\/carreira\/vaga\/\" \/>\n<meta property=\"og:site_name\" content=\"Dalux\" \/>\n<meta property=\"article:modified_time\" content=\"2025-11-20T09:09:17+00:00\" \/>\n<meta property=\"og:image\" content=\"https:\/\/www.dalux.com\/wp-content\/uploads\/2024\/10\/job-1.png\" \/>\n\t<meta property=\"og:image:width\" content=\"1200\" \/>\n\t<meta property=\"og:image:height\" content=\"930\" \/>\n\t<meta property=\"og:image:type\" content=\"image\/png\" \/>\n<meta name=\"twitter:card\" content=\"summary_large_image\" \/>\n<meta name=\"twitter:site\" content=\"@daluxaps\" \/>\n<script type=\"application\/ld+json\" class=\"yoast-schema-graph\">{\"@context\":\"https:\/\/schema.org\",\"@graph\":[{\"@type\":\"WebPage\",\"@id\":\"https:\/\/www.dalux.com\/pt-pt\/carreira\/vaga\/\",\"url\":\"https:\/\/www.dalux.com\/pt-pt\/carreira\/vaga\/\",\"name\":\"Vaga - Dalux - Ver posi\u00e7\u00f5es dispon\u00edveis\",\"isPartOf\":{\"@id\":\"https:\/\/www.dalux.com\/pt-pt\/#website\"},\"primaryImageOfPage\":{\"@id\":\"https:\/\/www.dalux.com\/pt-pt\/carreira\/vaga\/#primaryimage\"},\"image\":{\"@id\":\"https:\/\/www.dalux.com\/pt-pt\/carreira\/vaga\/#primaryimage\"},\"thumbnailUrl\":\"https:\/\/www.dalux.com\/wp-content\/uploads\/2024\/10\/job-1.png\",\"datePublished\":\"2022-06-23T07:00:29+00:00\",\"dateModified\":\"2025-11-20T09:09:17+00:00\",\"description\":\"Quer juntar-se \u00e0 nossa equipa? Ver todas as vagas dispon\u00edveis da Dalux na sua \u00e1rea. Estamos a crescer e procuramos novos talentos para se juntarem a n\u00f3s.\",\"breadcrumb\":{\"@id\":\"https:\/\/www.dalux.com\/pt-pt\/carreira\/vaga\/#breadcrumb\"},\"inLanguage\":\"pt-PT\",\"potentialAction\":[{\"@type\":\"ReadAction\",\"target\":[\"https:\/\/www.dalux.com\/pt-pt\/carreira\/vaga\/\"]}]},{\"@type\":\"ImageObject\",\"inLanguage\":\"pt-PT\",\"@id\":\"https:\/\/www.dalux.com\/pt-pt\/carreira\/vaga\/#primaryimage\",\"url\":\"https:\/\/www.dalux.com\/wp-content\/uploads\/2024\/10\/job-1.png\",\"contentUrl\":\"https:\/\/www.dalux.com\/wp-content\/uploads\/2024\/10\/job-1.png\",\"width\":1200,\"height\":930},{\"@type\":\"BreadcrumbList\",\"@id\":\"https:\/\/www.dalux.com\/pt-pt\/carreira\/vaga\/#breadcrumb\",\"itemListElement\":[{\"@type\":\"ListItem\",\"position\":1,\"name\":\"Home\",\"item\":\"https:\/\/www.dalux.com\/pt-pt\/\"},{\"@type\":\"ListItem\",\"position\":2,\"name\":\"Carreira\",\"item\":\"https:\/\/www.dalux.com\/pt-pt\/carreira\/\"},{\"@type\":\"ListItem\",\"position\":3,\"name\":\"Vaga\"}]},{\"@type\":\"WebSite\",\"@id\":\"https:\/\/www.dalux.com\/pt-pt\/#website\",\"url\":\"https:\/\/www.dalux.com\/pt-pt\/\",\"name\":\"Dalux\",\"description\":\"Digitalizing the Construction Industry\",\"publisher\":{\"@id\":\"https:\/\/www.dalux.com\/pt-pt\/#organization\"},\"potentialAction\":[{\"@type\":\"SearchAction\",\"target\":{\"@type\":\"EntryPoint\",\"urlTemplate\":\"https:\/\/www.dalux.com\/pt-pt\/?s={search_term_string}\"},\"query-input\":{\"@type\":\"PropertyValueSpecification\",\"valueRequired\":true,\"valueName\":\"search_term_string\"}}],\"inLanguage\":\"pt-PT\"},{\"@type\":\"Organization\",\"@id\":\"https:\/\/www.dalux.com\/pt-pt\/#organization\",\"name\":\"Dalux\",\"url\":\"https:\/\/www.dalux.com\/pt-pt\/\",\"logo\":{\"@type\":\"ImageObject\",\"inLanguage\":\"pt-PT\",\"@id\":\"https:\/\/www.dalux.com\/pt-pt\/#\/schema\/logo\/image\/\",\"url\":\"https:\/\/www.dalux.com\/wp-content\/uploads\/2022\/06\/Dalux_logo_-5000px_png_HIGH_RES.png\",\"contentUrl\":\"https:\/\/www.dalux.com\/wp-content\/uploads\/2022\/06\/Dalux_logo_-5000px_png_HIGH_RES.png\",\"width\":5001,\"height\":1559,\"caption\":\"Dalux\"},\"image\":{\"@id\":\"https:\/\/www.dalux.com\/pt-pt\/#\/schema\/logo\/image\/\"},\"sameAs\":[\"https:\/\/x.com\/daluxaps\",\"https:\/\/www.linkedin.com\/company\/dalux\/\",\"https:\/\/www.youtube.com\/user\/DaluxAps\/featured\"]}]}<\/script>\n<!-- \/ Yoast SEO plugin. -->","yoast_head_json":{"title":"Vaga - Dalux - Ver posi\u00e7\u00f5es dispon\u00edveis","description":"Quer juntar-se \u00e0 nossa equipa? Ver todas as vagas dispon\u00edveis da Dalux na sua \u00e1rea. Estamos a crescer e procuramos novos talentos para se juntarem a n\u00f3s.","robots":{"index":"index","follow":"follow","max-snippet":"max-snippet:-1","max-image-preview":"max-image-preview:large","max-video-preview":"max-video-preview:-1"},"canonical":"https:\/\/www.dalux.com\/pt-pt\/carreira\/vaga\/","og_locale":"pt_PT","og_type":"article","og_title":"Vaga - Dalux - Ver posi\u00e7\u00f5es dispon\u00edveis","og_description":"Quer juntar-se \u00e0 nossa equipa? Ver todas as vagas dispon\u00edveis da Dalux na sua \u00e1rea. Estamos a crescer e procuramos novos talentos para se juntarem a n\u00f3s.","og_url":"https:\/\/www.dalux.com\/pt-pt\/carreira\/vaga\/","og_site_name":"Dalux","article_modified_time":"2025-11-20T09:09:17+00:00","og_image":[{"width":1200,"height":930,"url":"https:\/\/www.dalux.com\/wp-content\/uploads\/2024\/10\/job-1.png","type":"image\/png"}],"twitter_card":"summary_large_image","twitter_site":"@daluxaps","schema":{"@context":"https:\/\/schema.org","@graph":[{"@type":"WebPage","@id":"https:\/\/www.dalux.com\/pt-pt\/carreira\/vaga\/","url":"https:\/\/www.dalux.com\/pt-pt\/carreira\/vaga\/","name":"Vaga - Dalux - Ver posi\u00e7\u00f5es dispon\u00edveis","isPartOf":{"@id":"https:\/\/www.dalux.com\/pt-pt\/#website"},"primaryImageOfPage":{"@id":"https:\/\/www.dalux.com\/pt-pt\/carreira\/vaga\/#primaryimage"},"image":{"@id":"https:\/\/www.dalux.com\/pt-pt\/carreira\/vaga\/#primaryimage"},"thumbnailUrl":"https:\/\/www.dalux.com\/wp-content\/uploads\/2024\/10\/job-1.png","datePublished":"2022-06-23T07:00:29+00:00","dateModified":"2025-11-20T09:09:17+00:00","description":"Quer juntar-se \u00e0 nossa equipa? Ver todas as vagas dispon\u00edveis da Dalux na sua \u00e1rea. Estamos a crescer e procuramos novos talentos para se juntarem a n\u00f3s.","breadcrumb":{"@id":"https:\/\/www.dalux.com\/pt-pt\/carreira\/vaga\/#breadcrumb"},"inLanguage":"pt-PT","potentialAction":[{"@type":"ReadAction","target":["https:\/\/www.dalux.com\/pt-pt\/carreira\/vaga\/"]}]},{"@type":"ImageObject","inLanguage":"pt-PT","@id":"https:\/\/www.dalux.com\/pt-pt\/carreira\/vaga\/#primaryimage","url":"https:\/\/www.dalux.com\/wp-content\/uploads\/2024\/10\/job-1.png","contentUrl":"https:\/\/www.dalux.com\/wp-content\/uploads\/2024\/10\/job-1.png","width":1200,"height":930},{"@type":"BreadcrumbList","@id":"https:\/\/www.dalux.com\/pt-pt\/carreira\/vaga\/#breadcrumb","itemListElement":[{"@type":"ListItem","position":1,"name":"Home","item":"https:\/\/www.dalux.com\/pt-pt\/"},{"@type":"ListItem","position":2,"name":"Carreira","item":"https:\/\/www.dalux.com\/pt-pt\/carreira\/"},{"@type":"ListItem","position":3,"name":"Vaga"}]},{"@type":"WebSite","@id":"https:\/\/www.dalux.com\/pt-pt\/#website","url":"https:\/\/www.dalux.com\/pt-pt\/","name":"Dalux","description":"Digitalizing the Construction Industry","publisher":{"@id":"https:\/\/www.dalux.com\/pt-pt\/#organization"},"potentialAction":[{"@type":"SearchAction","target":{"@type":"EntryPoint","urlTemplate":"https:\/\/www.dalux.com\/pt-pt\/?s={search_term_string}"},"query-input":{"@type":"PropertyValueSpecification","valueRequired":true,"valueName":"search_term_string"}}],"inLanguage":"pt-PT"},{"@type":"Organization","@id":"https:\/\/www.dalux.com\/pt-pt\/#organization","name":"Dalux","url":"https:\/\/www.dalux.com\/pt-pt\/","logo":{"@type":"ImageObject","inLanguage":"pt-PT","@id":"https:\/\/www.dalux.com\/pt-pt\/#\/schema\/logo\/image\/","url":"https:\/\/www.dalux.com\/wp-content\/uploads\/2022\/06\/Dalux_logo_-5000px_png_HIGH_RES.png","contentUrl":"https:\/\/www.dalux.com\/wp-content\/uploads\/2022\/06\/Dalux_logo_-5000px_png_HIGH_RES.png","width":5001,"height":1559,"caption":"Dalux"},"image":{"@id":"https:\/\/www.dalux.com\/pt-pt\/#\/schema\/logo\/image\/"},"sameAs":["https:\/\/x.com\/daluxaps","https:\/\/www.linkedin.com\/company\/dalux\/","https:\/\/www.youtube.com\/user\/DaluxAps\/featured"]}]}},"_links":{"self":[{"href":"https:\/\/www.dalux.com\/pt-pt\/wp-json\/wp\/v2\/pages\/324228","targetHints":{"allow":["GET"]}}],"collection":[{"href":"https:\/\/www.dalux.com\/pt-pt\/wp-json\/wp\/v2\/pages"}],"about":[{"href":"https:\/\/www.dalux.com\/pt-pt\/wp-json\/wp\/v2\/types\/page"}],"author":[{"embeddable":true,"href":"https:\/\/www.dalux.com\/pt-pt\/wp-json\/wp\/v2\/users\/1"}],"replies":[{"embeddable":true,"href":"https:\/\/www.dalux.com\/pt-pt\/wp-json\/wp\/v2\/comments?post=324228"}],"version-history":[{"count":2,"href":"https:\/\/www.dalux.com\/pt-pt\/wp-json\/wp\/v2\/pages\/324228\/revisions"}],"predecessor-version":[{"id":324278,"href":"https:\/\/www.dalux.com\/pt-pt\/wp-json\/wp\/v2\/pages\/324228\/revisions\/324278"}],"up":[{"embeddable":true,"href":"https:\/\/www.dalux.com\/pt-pt\/wp-json\/wp\/v2\/pages\/324266"}],"wp:featuredmedia":[{"embeddable":true,"href":"https:\/\/www.dalux.com\/pt-pt\/wp-json\/wp\/v2\/media\/324230"}],"wp:attachment":[{"href":"https:\/\/www.dalux.com\/pt-pt\/wp-json\/wp\/v2\/media?parent=324228"}],"curies":[{"name":"wp","href":"https:\/\/api.w.org\/{rel}","templated":true}]}}